{"id":10,"date":"2021-05-12T04:59:14","date_gmt":"2021-05-12T04:59:14","guid":{"rendered":"https:\/\/siseguate.com\/?page_id=10"},"modified":"2024-10-01T17:38:26","modified_gmt":"2024-10-01T17:38:26","slug":"home","status":"publish","type":"page","link":"https:\/\/siseguate.com\/","title":{"rendered":"Home"},"content":{"rendered":"\n<div class=\"wp-block-uagb-container uagb-block-7a462f4f alignfull uagb-is-root-container\"><div class=\"uagb-container-inner-blocks-wrap\">\n<div class=\"wp-block-uagb-advanced-heading uagb-block-1a26d510\"><h1 class=\"uagb-heading-text\">Sistemas Integrales de Seguridad Electr\u00f3nica<\/h1><\/div>\n<\/div><\/div>\n\n\n\n<div class=\"wp-block-uagb-advanced-heading uagb-block-0fafa676\"><h2 class=\"uagb-heading-text\"><br><br><br><strong>\u00a1Tu seguridad es nuestra prioridad!<\/strong><br><\/h2><\/div>\n\n\n\n<p><br><br><br><\/p>\n\n\n\n<div class=\"wp-block-uagb-container uagb-block-60892f6f alignfull uagb-is-root-container\"><div class=\"uagb-container-inner-blocks-wrap\">\n<div class=\"wp-block-uagb-container uagb-block-6766c004\">\n<figure class=\"wp-block-image size-full\"><img loading=\"lazy\" decoding=\"async\" width=\"500\" height=\"500\" src=\"https:\/\/siseguate.com\/wp-content\/uploads\/2023\/12\/LOGO-FONDO-TRANSPARENTE-2-1.png\" alt=\"\" class=\"wp-image-1264\" srcset=\"https:\/\/siseguate.com\/wp-content\/uploads\/2023\/12\/LOGO-FONDO-TRANSPARENTE-2-1.png 500w, https:\/\/siseguate.com\/wp-content\/uploads\/2023\/12\/LOGO-FONDO-TRANSPARENTE-2-1-300x300.png 300w, https:\/\/siseguate.com\/wp-content\/uploads\/2023\/12\/LOGO-FONDO-TRANSPARENTE-2-1-150x150.png 150w\" sizes=\"auto, (max-width: 500px) 100vw, 500px\" \/><\/figure>\n<\/div>\n\n\n\n<div class=\"wp-block-uagb-info-box uagb-block-ba7fd673 uagb-infobox__content-wrap  uagb-infobox-icon-above-title uagb-infobox-image-valign-top\"><div class=\"uagb-ifb-content\"><div class=\"uagb-ifb-icon-wrap\"><svg xmlns=\"https:\/\/www.w3.org\/2000\/svg\" viewBox=\"0 0 512 512\"><path d=\"M0 256C0 114.6 114.6 0 256 0C397.4 0 512 114.6 512 256C512 397.4 397.4 512 256 512C114.6 512 0 397.4 0 256zM371.8 211.8C382.7 200.9 382.7 183.1 371.8 172.2C360.9 161.3 343.1 161.3 332.2 172.2L224 280.4L179.8 236.2C168.9 225.3 151.1 225.3 140.2 236.2C129.3 247.1 129.3 264.9 140.2 275.8L204.2 339.8C215.1 350.7 232.9 350.7 243.8 339.8L371.8 211.8z\"><\/path><\/svg><\/div><div class=\"uagb-ifb-title-wrap\"><h3 class=\"uagb-ifb-title\">SISE<\/h3><\/div><p class=\"uagb-ifb-desc\">SISE es una empresa guatemalteca con m\u00e1s de 20 a\u00f1os de experiencia en el \u00e1rea de seguridad, a lo largo de estos a\u00f1os SISE ha ido ampliando extraordinariamente sus servicios en el mercado.<br><br>Actualmente ofrece servicios desde venta e instalaci\u00f3n de c\u00e1maras de seguridad, sistemas contra incendios, alarmas, sistemas de parqueo, controles de acceso e instalaci\u00f3n de fibra \u00f3ptica.<br><br><\/p><\/div><\/div>\n<\/div><\/div>\n\n\n\n<div class=\"wp-block-uagb-container uagb-block-55df8afc alignfull uagb-is-root-container\"><div class=\"uagb-container-inner-blocks-wrap\">\n<div class=\"wp-block-uagb-container uagb-block-2ea1c03a\">\n<div class=\"wp-block-uagb-advanced-heading uagb-block-82330186\"><h2 class=\"uagb-heading-text\">Servicios<\/h2><\/div>\n\n\n\n<figure class=\"wp-block-image size-large\"><img decoding=\"async\" src=\"https:\/\/siseguate.com\/wp-content\/uploads\/2023\/12\/11-1024x577.png\" alt=\"\"\/><\/figure>\n\n\n\n<figure class=\"wp-block-image size-large\"><img decoding=\"async\" src=\"https:\/\/siseguate.com\/wp-content\/uploads\/2023\/12\/21-1024x577.png\" alt=\"\"\/><\/figure>\n\n\n\n<figure class=\"wp-block-image size-large\"><img decoding=\"async\" src=\"https:\/\/siseguate.com\/wp-content\/uploads\/2023\/12\/31-1024x577.png\" alt=\"\"\/><\/figure>\n<\/div>\n\n\n\n<div class=\"wp-block-uagb-container uagb-block-e400ccdd\">\n<figure class=\"wp-block-image size-large\"><img decoding=\"async\" src=\"https:\/\/siseguate.com\/wp-content\/uploads\/2023\/12\/4-5-1024x577.png\" alt=\"\"\/><\/figure>\n\n\n\n<figure class=\"wp-block-image size-large\"><img loading=\"lazy\" decoding=\"async\" width=\"1024\" height=\"577\" src=\"https:\/\/siseguate.com\/wp-content\/uploads\/2023\/12\/5-2-1024x577.png\" alt=\"\" class=\"wp-image-1240\" srcset=\"https:\/\/siseguate.com\/wp-content\/uploads\/2023\/12\/5-2-1024x577.png 1024w, https:\/\/siseguate.com\/wp-content\/uploads\/2023\/12\/5-2-300x169.png 300w, https:\/\/siseguate.com\/wp-content\/uploads\/2023\/12\/5-2-768x433.png 768w, https:\/\/siseguate.com\/wp-content\/uploads\/2023\/12\/5-2-1536x865.png 1536w, https:\/\/siseguate.com\/wp-content\/uploads\/2023\/12\/5-2.png 1640w\" sizes=\"auto, (max-width: 1024px) 100vw, 1024px\" \/><\/figure>\n\n\n\n<figure class=\"wp-block-image size-large\"><img decoding=\"async\" src=\"https:\/\/siseguate.com\/wp-content\/uploads\/2023\/12\/6-1024x577.png\" alt=\"\"\/><\/figure>\n<\/div>\n<\/div><\/div>\n\n\n\n<div class=\"wp-block-uagb-container uagb-block-cde1fce7 alignfull uagb-is-root-container\"><div class=\"uagb-container-inner-blocks-wrap\"><\/div><\/div>\n\n\n\n<div class=\"wp-block-uagb-container uagb-block-da21ae26 alignfull uagb-is-root-container\"><div class=\"uagb-container-inner-blocks-wrap\"><\/div><\/div>\n","protected":false},"excerpt":{"rendered":"<p>Sistemas Integrales de Seguridad Electr\u00f3nica \u00a1Tu seguridad es nuestra prioridad! Servicios<\/p>\n","protected":false},"author":1,"featured_media":0,"parent":0,"menu_order":0,"comment_status":"closed","ping_status":"closed","template":"","meta":{"_uag_custom_page_level_css":"","site-sidebar-layout":"no-sidebar","site-content-layout":"plain-container","ast-site-content-layout":"normal-width-container","site-content-style":"unboxed","site-sidebar-style":"unboxed","ast-global-header-display":"","ast-banner-title-visibility":"","ast-main-header-display":"","ast-hfb-above-header-display":"","ast-hfb-below-header-display":"","ast-hfb-mobile-header-display":"","site-post-title":"disabled","ast-breadcrumbs-content":"","ast-featured-img":"","footer-sml-layout":"","theme-transparent-header-meta":"enabled","adv-header-id-meta":"","stick-header-meta":"","header-above-stick-meta":"","header-main-stick-meta":"","header-below-stick-meta":"","astra-migrate-meta-layouts":"set","ast-page-background-enabled":"default","ast-page-background-meta":{"desktop":{"background-color":"var(--ast-global-color-4)","background-image":"","background-repeat":"repeat","background-position":"center center","background-size":"auto","background-attachment":"scroll","background-type":"","background-media":"","overlay-type":"","overlay-color":"","overlay-opacity":"","overlay-gradient":""},"tablet":{"background-color":"","background-image":"","background-repeat":"repeat","background-position":"center center","background-size":"auto","background-attachment":"scroll","background-type":"","background-media":"","overlay-type":"","overlay-color":"","overlay-opacity":"","overlay-gradient":""},"mobile":{"background-color":"","background-image":"","background-repeat":"repeat","background-position":"center center","background-size":"auto","background-attachment":"scroll","background-type":"","background-media":"","overlay-type":"","overlay-color":"","overlay-opacity":"","overlay-gradient":""}},"ast-content-background-meta":{"desktop":{"background-color":"var(--ast-global-color-5)","background-image":"","background-repeat":"repeat","background-position":"center center","background-size":"auto","background-attachment":"scroll","background-type":"","background-media":"","overlay-type":"","overlay-color":"","overlay-opacity":"","overlay-gradient":""},"tablet":{"background-color":"var(--ast-global-color-5)","background-image":"","background-repeat":"repeat","background-position":"center center","background-size":"auto","background-attachment":"scroll","background-type":"","background-media":"","overlay-type":"","overlay-color":"","overlay-opacity":"","overlay-gradient":""},"mobile":{"background-color":"var(--ast-global-color-5)","background-image":"","background-repeat":"repeat","background-position":"center center","background-size":"auto","background-attachment":"scroll","background-type":"","background-media":"","overlay-type":"","overlay-color":"","overlay-opacity":"","overlay-gradient":""}},"footnotes":""},"class_list":["post-10","page","type-page","status-publish","hentry"],"yoast_head":"<!-- This site is optimized with the Yoast SEO plugin v23.5 - https:\/\/yoast.com\/wordpress\/plugins\/seo\/ -->\n<title>Home -<\/title>\n<meta name=\"robots\" content=\"index, follow, max-snippet:-1, max-image-preview:large, max-video-preview:-1\" \/>\n<link rel=\"canonical\" href=\"https:\/\/siseguate.com\/\" \/>\n<meta property=\"og:locale\" content=\"es_ES\" \/>\n<meta property=\"og:type\" content=\"article\" \/>\n<meta property=\"og:title\" content=\"Home -\" \/>\n<meta property=\"og:description\" content=\"Sistemas Integrales de Seguridad Electr\u00f3nica \u00a1Tu seguridad es nuestra prioridad! Servicios\" \/>\n<meta property=\"og:url\" content=\"https:\/\/siseguate.com\/\" \/>\n<meta property=\"article:modified_time\" content=\"2024-10-01T17:38:26+00:00\" \/>\n<meta property=\"og:image\" content=\"https:\/\/siseguate.com\/wp-content\/uploads\/2023\/12\/LOGO-FONDO-TRANSPARENTE-2-1.png\" \/>\n<meta name=\"twitter:card\" content=\"summary_large_image\" \/>\n<meta name=\"twitter:label1\" content=\"Tiempo de lectura\" \/>\n\t<meta name=\"twitter:data1\" content=\"2 minutos\" \/>\n<script type=\"application\/ld+json\" class=\"yoast-schema-graph\">{\"@context\":\"https:\/\/schema.org\",\"@graph\":[{\"@type\":\"WebPage\",\"@id\":\"https:\/\/siseguate.com\/\",\"url\":\"https:\/\/siseguate.com\/\",\"name\":\"Home -\",\"isPartOf\":{\"@id\":\"https:\/\/siseguate.com\/#website\"},\"primaryImageOfPage\":{\"@id\":\"https:\/\/siseguate.com\/#primaryimage\"},\"image\":{\"@id\":\"https:\/\/siseguate.com\/#primaryimage\"},\"thumbnailUrl\":\"https:\/\/siseguate.com\/wp-content\/uploads\/2023\/12\/LOGO-FONDO-TRANSPARENTE-2-1.png\",\"datePublished\":\"2021-05-12T04:59:14+00:00\",\"dateModified\":\"2024-10-01T17:38:26+00:00\",\"breadcrumb\":{\"@id\":\"https:\/\/siseguate.com\/#breadcrumb\"},\"inLanguage\":\"es\",\"potentialAction\":[{\"@type\":\"ReadAction\",\"target\":[\"https:\/\/siseguate.com\/\"]}]},{\"@type\":\"ImageObject\",\"inLanguage\":\"es\",\"@id\":\"https:\/\/siseguate.com\/#primaryimage\",\"url\":\"https:\/\/siseguate.com\/wp-content\/uploads\/2023\/12\/LOGO-FONDO-TRANSPARENTE-2-1.png\",\"contentUrl\":\"https:\/\/siseguate.com\/wp-content\/uploads\/2023\/12\/LOGO-FONDO-TRANSPARENTE-2-1.png\",\"width\":500,\"height\":500},{\"@type\":\"BreadcrumbList\",\"@id\":\"https:\/\/siseguate.com\/#breadcrumb\",\"itemListElement\":[{\"@type\":\"ListItem\",\"position\":1,\"name\":\"Portada\",\"item\":\"https:\/\/siseguate.com\/\"},{\"@type\":\"ListItem\",\"position\":2,\"name\":\"Home\"}]},{\"@type\":\"WebSite\",\"@id\":\"https:\/\/siseguate.com\/#website\",\"url\":\"https:\/\/siseguate.com\/\",\"name\":\"\",\"description\":\"\",\"potentialAction\":[{\"@type\":\"SearchAction\",\"target\":{\"@type\":\"EntryPoint\",\"urlTemplate\":\"https:\/\/siseguate.com\/?s={search_term_string}\"},\"query-input\":{\"@type\":\"PropertyValueSpecification\",\"valueRequired\":true,\"valueName\":\"search_term_string\"}}],\"inLanguage\":\"es\"}]}<\/script>\n<!-- \/ Yoast SEO plugin. -->","yoast_head_json":{"title":"Home -","robots":{"index":"index","follow":"follow","max-snippet":"max-snippet:-1","max-image-preview":"max-image-preview:large","max-video-preview":"max-video-preview:-1"},"canonical":"https:\/\/siseguate.com\/","og_locale":"es_ES","og_type":"article","og_title":"Home -","og_description":"Sistemas Integrales de Seguridad Electr\u00f3nica \u00a1Tu seguridad es nuestra prioridad! Servicios","og_url":"https:\/\/siseguate.com\/","article_modified_time":"2024-10-01T17:38:26+00:00","og_image":[{"url":"https:\/\/siseguate.com\/wp-content\/uploads\/2023\/12\/LOGO-FONDO-TRANSPARENTE-2-1.png"}],"twitter_card":"summary_large_image","twitter_misc":{"Tiempo de lectura":"2 minutos"},"schema":{"@context":"https:\/\/schema.org","@graph":[{"@type":"WebPage","@id":"https:\/\/siseguate.com\/","url":"https:\/\/siseguate.com\/","name":"Home -","isPartOf":{"@id":"https:\/\/siseguate.com\/#website"},"primaryImageOfPage":{"@id":"https:\/\/siseguate.com\/#primaryimage"},"image":{"@id":"https:\/\/siseguate.com\/#primaryimage"},"thumbnailUrl":"https:\/\/siseguate.com\/wp-content\/uploads\/2023\/12\/LOGO-FONDO-TRANSPARENTE-2-1.png","datePublished":"2021-05-12T04:59:14+00:00","dateModified":"2024-10-01T17:38:26+00:00","breadcrumb":{"@id":"https:\/\/siseguate.com\/#breadcrumb"},"inLanguage":"es","potentialAction":[{"@type":"ReadAction","target":["https:\/\/siseguate.com\/"]}]},{"@type":"ImageObject","inLanguage":"es","@id":"https:\/\/siseguate.com\/#primaryimage","url":"https:\/\/siseguate.com\/wp-content\/uploads\/2023\/12\/LOGO-FONDO-TRANSPARENTE-2-1.png","contentUrl":"https:\/\/siseguate.com\/wp-content\/uploads\/2023\/12\/LOGO-FONDO-TRANSPARENTE-2-1.png","width":500,"height":500},{"@type":"BreadcrumbList","@id":"https:\/\/siseguate.com\/#breadcrumb","itemListElement":[{"@type":"ListItem","position":1,"name":"Portada","item":"https:\/\/siseguate.com\/"},{"@type":"ListItem","position":2,"name":"Home"}]},{"@type":"WebSite","@id":"https:\/\/siseguate.com\/#website","url":"https:\/\/siseguate.com\/","name":"","description":"","potentialAction":[{"@type":"SearchAction","target":{"@type":"EntryPoint","urlTemplate":"https:\/\/siseguate.com\/?s={search_term_string}"},"query-input":{"@type":"PropertyValueSpecification","valueRequired":true,"valueName":"search_term_string"}}],"inLanguage":"es"}]}},"uagb_featured_image_src":{"full":false,"thumbnail":false,"medium":false,"medium_large":false,"large":false,"1536x1536":false,"2048x2048":false},"uagb_author_info":{"display_name":"admin","author_link":"https:\/\/siseguate.com\/?author=1"},"uagb_comment_info":0,"uagb_excerpt":"Sistemas Integrales de Seguridad Electr\u00f3nica \u00a1Tu seguridad es nuestra prioridad! Servicios","_links":{"self":[{"href":"https:\/\/siseguate.com\/index.php?rest_route=\/wp\/v2\/pages\/10","targetHints":{"allow":["GET"]}}],"collection":[{"href":"https:\/\/siseguate.com\/index.php?rest_route=\/wp\/v2\/pages"}],"about":[{"href":"https:\/\/siseguate.com\/index.php?rest_route=\/wp\/v2\/types\/page"}],"author":[{"embeddable":true,"href":"https:\/\/siseguate.com\/index.php?rest_route=\/wp\/v2\/users\/1"}],"replies":[{"embeddable":true,"href":"https:\/\/siseguate.com\/index.php?rest_route=%2Fwp%2Fv2%2Fcomments&post=10"}],"version-history":[{"count":21,"href":"https:\/\/siseguate.com\/index.php?rest_route=\/wp\/v2\/pages\/10\/revisions"}],"predecessor-version":[{"id":1405,"href":"https:\/\/siseguate.com\/index.php?rest_route=\/wp\/v2\/pages\/10\/revisions\/1405"}],"wp:attachment":[{"href":"https:\/\/siseguate.com\/index.php?rest_route=%2Fwp%2Fv2%2Fmedia&parent=10"}],"curies":[{"name":"wp","href":"https:\/\/api.w.org\/{rel}","templated":true}]}}